{"id":7493,"date":"2018-10-26T10:57:20","date_gmt":"2018-10-26T14:57:20","guid":{"rendered":"https:\/\/dev.copiexpertplus.ca\/technologie\/"},"modified":"2018-11-08T13:36:15","modified_gmt":"2018-11-08T18:36:15","slug":"technologie","status":"publish","type":"page","link":"https:\/\/copiexpertplus.ca\/fr\/technologie\/","title":{"rendered":"Technologie"},"content":{"rendered":"<p>[vc_row css=\u00a0\u00bb.vc_custom_1451198507230{padding-top: 40px !important;}\u00a0\u00bb][vc_column width=\u00a0\u00bb1\/4&Prime;][\/vc_column][vc_column width=\u00a0\u00bb1\/2&Prime;][vc_custom_heading text=\u00a0\u00bbNous sommes fiers d&rsquo;\u00eatre \u00e0 la fine pointe avec tous nos \u00e9quipements. Il est important pour nous de rester \u00e0 jour pour pouvoir offrir \u00e0 nos clients le meilleur de ce qui est disponible.\u00a0\u00bb font_container=\u00a0\u00bbtag:p|font_size:22px|text_align:center|line_height:36px\u00a0\u00bb google_fonts=\u00a0\u00bbfont_family:Lato%3A100%2C100italic%2C300%2C300italic%2Cregular%2Citalic%2C700%2C700italic%2C900%2C900italic|font_style:300%20light%20regular%3A300%3Anormal\u00a0\u00bb][\/vc_column][vc_column width=\u00a0\u00bb1\/4&Prime;][\/vc_column][\/vc_row][vc_row padding_size=\u00a0\u00bbxl-padding\u00a0\u00bb background_style=\u00a0\u00bbrepeat\u00a0\u00bb background_position=\u00a0\u00bbcenter bottom\u00a0\u00bb bg_image_url=\u00a0\u00bbhttps:\/\/copiexpertplus.ca\/wp-content\/uploads\/Copie-Expert-Plus-forest_1920x1080-150&#215;150.jpg\u00a0\u00bb background_image=\u00a0\u00bb7345&Prime;][vc_column][vc_row_inner][vc_column_inner overlap=\u00a0\u00bbtop\u00a0\u00bb overlap_distance=\u00a0\u00bb180px\u00a0\u00bb overlap_index=\u00a0\u00bb50&Prime;][wyde_heading style=\u00a0\u00bb4&Prime; title=\u00a0\u00bbNotre technologie\u00a0\u00bb heading_color=\u00a0\u00bb#ffffff\u00a0\u00bb][\/vc_column_inner][\/vc_row_inner][vc_row_inner][vc_column_inner overlap=\u00a0\u00bbtop\u00a0\u00bb overlap_distance=\u00a0\u00bb180px\u00a0\u00bb overlap_index=\u00a0\u00bb50&Prime; offset=\u00a0\u00bbvc_hidden-lg vc_hidden-md\u00a0\u00bb][vc_empty_space height=\u00a0\u00bb60px\u00a0\u00bb][\/vc_column_inner][\/vc_row_inner][vc_row_inner overlap=\u00a0\u00bbtop\u00a0\u00bb overlap_distance=\u00a0\u00bb80px\u00a0\u00bb overlap_index=\u00a0\u00bb50&Prime;][vc_column_inner width=\u00a0\u00bb1\/4&Prime; background_color=\u00a0\u00bb#f9f9f9&Prime;][wyde_info_box icon_set=\u00a0\u00bbsimple_line\u00a0\u00bb icon_size=\u00a0\u00bblarge\u00a0\u00bb color=\u00a0\u00bb#8accff\u00a0\u00bb icon_simple_line=\u00a0\u00bbsl-printer\u00a0\u00bb title=\u00a0\u00bbRicoh\u00a0\u00bb link=\u00a0\u00bb||\u00a0\u00bb]<\/p>\n<p class=\"p2\">Sont nos imprimantes haute vitesse noir et blanc. Enti\u00e8rement \u00e9quip\u00e9 avec des haute capacit\u00e9s de finition. Que ce soit 3 trous perfor\u00e9s, en spirale et en cerlox. Agrafage et reliure \u00e0 cheval.<\/p>\n<p>[\/wyde_info_box][\/vc_column_inner][vc_column_inner width=\u00a0\u00bb1\/4&Prime; background_color=\u00a0\u00bb#ffffff\u00a0\u00bb][wyde_info_box icon_set=\u00a0\u00bbsimple_line\u00a0\u00bb icon_size=\u00a0\u00bblarge\u00a0\u00bb color=\u00a0\u00bb#619187&Prime; icon_simple_line=\u00a0\u00bbsl-printer\u00a0\u00bb title=\u00a0\u00bbKonica Minolta\u00a0\u00bb link=\u00a0\u00bb||\u00a0\u00bb]<\/p>\n<p class=\"p2\">Nos imprimantes couleur haute vitesse. Enti\u00e8rement \u00e9quip\u00e9 de plusieurs options de finition.<\/p>\n<p>[\/wyde_info_box][\/vc_column_inner][vc_column_inner width=\u00a0\u00bb1\/4&Prime; background_color=\u00a0\u00bb#f9f9f9&Prime;][wyde_info_box icon_set=\u00a0\u00bbsimple_line\u00a0\u00bb icon_size=\u00a0\u00bblarge\u00a0\u00bb color=\u00a0\u00bb#be9cc1&Prime; title=\u00a0\u00bbCanon\u00a0\u00bb link=\u00a0\u00bb||\u00a0\u00bb icon_simple_line=\u00a0\u00bbsl-printer\u00a0\u00bb]<\/p>\n<p class=\"p2\">Voici notre imprimante \u00e0 jet d&rsquo;encre couleur de 42 pouces de qualit\u00e9 photographique.<\/p>\n<p>[\/wyde_info_box][\/vc_column_inner][vc_column_inner width=\u00a0\u00bb1\/4&Prime; background_color=\u00a0\u00bb#ffffff\u00a0\u00bb][wyde_info_box icon_set=\u00a0\u00bbsimple_line\u00a0\u00bb icon_size=\u00a0\u00bblarge\u00a0\u00bb color=\u00a0\u00bb#cad644&Prime; icon_simple_line=\u00a0\u00bbsl-printer\u00a0\u00bb title=\u00a0\u00bbHP\u00a0\u00bb link=\u00a0\u00bb||\u00a0\u00bb]<\/p>\n<p class=\"p2\">Notre imprimante \u00e0 jet d&rsquo;encre. HP Pagewide est utilis\u00e9e pour nos plans d&rsquo;ing\u00e9nierie. Nous imprimons en noir et blanc \/ niveaux de gris et en couleurs de tr\u00e8s haute qualit\u00e9.<\/p>\n<p>[\/wyde_info_box][\/vc_column_inner][\/vc_row_inner][vc_empty_space][\/vc_column][\/vc_row][vc_row][vc_column][vc_column_text]<\/p>\n<h2 class=\"p2\" style=\"text-align: center;\"><strong>TOUTES NOS MACHINES SONT CAPABLES DE NUM\u00c9RISER \u00c0 TR\u00c8S HAUTE QUALIT\u00c9.<\/strong><\/h2>\n<p>[\/vc_column_text][\/vc_column][\/vc_row]<\/p>\n","protected":false},"excerpt":{"rendered":"<p>[vc_row css=\u00a0\u00bb.vc_custom_1451198507230{padding-top: 40px !important;}\u00a0\u00bb][vc_column width=\u00a0\u00bb1\/4&Prime;][\/vc_column][vc_column width=\u00a0\u00bb1\/2&Prime;][vc_custom_heading text=\u00a0\u00bbNous sommes fiers d&rsquo;\u00eatre \u00e0 la fine pointe avec tous nos \u00e9quipements. Il est important pour nous de rester \u00e0 jour pour pouvoir offrir \u00e0 nos clients le meilleur de ce qui est disponible.\u00a0\u00bb font_container=\u00a0\u00bbtag:p|font_size:22px|text_align:center|line_height:36px\u00a0\u00bb google_fonts=\u00a0\u00bbfont_family:Lato%3A100%2C100italic%2C300%2C300italic%2Cregular%2Citalic%2C700%2C700italic%2C900%2C900italic|font_style:300%20light%20regular%3A300%3Anormal\u00a0\u00bb][\/vc_column][vc_column width=\u00a0\u00bb1\/4&Prime;][\/vc_column][\/vc_row][vc_row padding_size=\u00a0\u00bbxl-padding\u00a0\u00bb background_style=\u00a0\u00bbrepeat\u00a0\u00bb background_position=\u00a0\u00bbcenter bottom\u00a0\u00bb bg_image_url=\u00a0\u00bbhttps:\/\/copiexpertplus.ca\/wp-content\/uploads\/Copie-Expert-Plus-forest_1920x1080-150&#215;150.jpg\u00a0\u00bb background_image=\u00a0\u00bb7345&Prime;][vc_column][vc_row_inner][vc_column_inner overlap=\u00a0\u00bbtop\u00a0\u00bb overlap_distance=\u00a0\u00bb180px\u00a0\u00bb overlap_index=\u00a0\u00bb50&Prime;][wyde_heading style=\u00a0\u00bb4&Prime; title=\u00a0\u00bbNotre technologie\u00a0\u00bb [&hellip;]<\/p>\n","protected":false},"author":1,"featured_media":0,"parent":0,"menu_order":0,"comment_status":"closed","ping_status":"closed","template":"","meta":[],"_links":{"self":[{"href":"https:\/\/copiexpertplus.ca\/fr\/wp-json\/wp\/v2\/pages\/7493"}],"collection":[{"href":"https:\/\/copiexpertplus.ca\/fr\/wp-json\/wp\/v2\/pages"}],"about":[{"href":"https:\/\/copiexpertplus.ca\/fr\/wp-json\/wp\/v2\/types\/page"}],"author":[{"embeddable":true,"href":"https:\/\/copiexpertplus.ca\/fr\/wp-json\/wp\/v2\/users\/1"}],"replies":[{"embeddable":true,"href":"https:\/\/copiexpertplus.ca\/fr\/wp-json\/wp\/v2\/comments?post=7493"}],"version-history":[{"count":6,"href":"https:\/\/copiexpertplus.ca\/fr\/wp-json\/wp\/v2\/pages\/7493\/revisions"}],"predecessor-version":[{"id":7575,"href":"https:\/\/copiexpertplus.ca\/fr\/wp-json\/wp\/v2\/pages\/7493\/revisions\/7575"}],"wp:attachment":[{"href":"https:\/\/copiexpertplus.ca\/fr\/wp-json\/wp\/v2\/media?parent=7493"}],"curies":[{"name":"wp","href":"https:\/\/api.w.org\/{rel}","templated":true}]}}