{"id":7486,"date":"2016-01-30T10:24:11","date_gmt":"2016-01-30T10:24:11","guid":{"rendered":"https:\/\/dev.copiexpertplus.ca\/home-creative-agency\/"},"modified":"2018-11-08T13:24:48","modified_gmt":"2018-11-08T18:24:48","slug":"home-creative-agency","status":"publish","type":"page","link":"https:\/\/copiexpertplus.ca\/fr\/","title":{"rendered":"Accueil &#8211; CopiexpertPLUS"},"content":{"rendered":"<p>[vc_row row_style=\u00a0\u00bbfull-width\u00a0\u00bb padding_size=\u00a0\u00bbno-padding\u00a0\u00bb][vc_column padding_size=\u00a0\u00bbno-padding\u00a0\u00bb][rev_slider_vc alias=\u00a0\u00bbcopie-expert-plus-fr\u00a0\u00bb][\/vc_column][\/vc_row][vc_row overlap=\u00a0\u00bbbottom\u00a0\u00bb overlap_distance=\u00a0\u00bb0&Prime; overlap_index=\u00a0\u00bb50&Prime; padding_size=\u00a0\u00bbl-padding\u00a0\u00bb css=\u00a0\u00bb.vc_custom_1445754657417{padding-bottom: 0px !important;}\u00a0\u00bb][vc_column overlap=\u00a0\u00bbbottom\u00a0\u00bb overlap_distance=\u00a0\u00bb95px\u00a0\u00bb overlap_index=\u00a0\u00bb50&Prime;][wyde_heading style=\u00a0\u00bb2&Prime; text_align=\u00a0\u00bbleft\u00a0\u00bb title=\u00a0\u00bbNous sommes CopiexpertPLUS\u00a0\u00bb subheading=\u00a0\u00bbUne entreprise familiale de reproduction et d\u2019impression \u00e0 Gatineau\u00a0\u00bb][vc_empty_space][vc_column_text]<\/p>\n<p style=\"text-align: justify;\">Que vous d\u00e9siriez cr\u00e9er un d\u00e9pliant publicitaire pour votre entreprise ou des cartes d\u2019affaires pour votre usage personnel, il est important de pr\u00e9senter vos informations avec professionnalisme et d\u2019une mani\u00e8re attrayante. L\u2019entreprise <span class=\"highlight\">CopiexpertPLUS<\/span>, situ\u00e9e \u00e0 Gatineau, poss\u00e8de plus de 20 ans d\u2019exp\u00e9rience pour ce qui est de vous fournir le service de qualit\u00e9 dont vous avez besoin en mati\u00e8re de reproduction et d\u2019impression. De plus, nous vous aiderons \u00e0 donner vie \u00e0 toutes vos id\u00e9es.<\/p>\n<p>[\/vc_column_text][vc_empty_space height=\u00a0\u00bb130&Prime;][\/vc_column][\/vc_row][vc_row padding_size=\u00a0\u00bbno-padding\u00a0\u00bb bg_image_url=\u00a0\u00bbhttps:\/\/copiexpertplus.ca\/wp-content\/uploads\/Copie-Expert-Plus-toner-150&#215;150.jpg\u00a0\u00bb background_image=\u00a0\u00bb7370&Prime;][vc_column overlap=\u00a0\u00bbbottom\u00a0\u00bb overlap_distance=\u00a0\u00bb100px\u00a0\u00bb overlap_index=\u00a0\u00bb50&Prime; width=\u00a0\u00bb3\/4&Prime;][vc_row_inner background_color=\u00a0\u00bb#ffffff\u00a0\u00bb css=\u00a0\u00bb.vc_custom_1445753439968{padding-top: 30px !important;padding-right: 15px !important;padding-bottom: 30px !important;padding-left: 15px !important;}\u00a0\u00bb][vc_column_inner width=\u00a0\u00bb2\/3&Prime;][vc_single_image alignment=\u00a0\u00bbcenter\u00a0\u00bb image=\u00a0\u00bb7440&Prime;][\/vc_column_inner][vc_column_inner overlap=\u00a0\u00bbright\u00a0\u00bb overlap_distance=\u00a0\u00bb0&Prime; overlap_index=\u00a0\u00bb50&Prime; width=\u00a0\u00bb1\/3&Prime;][vc_column_text]<\/p>\n<p style=\"text-align: justify;\">L\u2019\u00e9quipe de <span class=\"highlight\">CopiexpertPLUS<\/span> utilise des\u00a0appareils de pointe\u00a0pour r\u00e9aliser chacun de ses projets, qu\u2019il s\u2019agisse d\u2019un projet de reproduction tout simple en noir et blanc ou d\u2019un projet complexe de manuel \u00e0 reliure spirale. Nous sommes fiers d\u2019\u00eatre en mesure de r\u00e9aliser des projets complets, correctement et \u00e0 l\u2019int\u00e9rieur des d\u00e9lais pr\u00e9vus \u2013 incluant la livraison en temps voulu, sur demande!<\/p>\n<p>[\/vc_column_text][vc_empty_space height=\u00a0\u00bb15px\u00a0\u00bb][wyde_heading style=\u00a0\u00bb6&Prime; text_align=\u00a0\u00bbleft\u00a0\u00bb title=\u00a0\u00bbKooper\u00a0\u00bb][vc_empty_space height=\u00a0\u00bb15px\u00a0\u00bb][\/vc_column_inner][\/vc_row_inner][\/vc_column][\/vc_row][vc_row overlap=\u00a0\u00bbbottom\u00a0\u00bb overlap_index=\u00a0\u00bb50&Prime; padding_size=\u00a0\u00bbno-padding\u00a0\u00bb][vc_column padding_size=\u00a0\u00bbno-padding\u00a0\u00bb background_color=\u00a0\u00bb#ffffff\u00a0\u00bb css=\u00a0\u00bb.vc_custom_1457261282038{padding-top: 30px !important;padding-right: 30px !important;padding-bottom: 30px !important;padding-left: 30px !important;}\u00a0\u00bb][vc_row_inner][vc_column_inner][vc_empty_space height=\u00a0\u00bb100px\u00a0\u00bb][\/vc_column_inner][vc_column_inner width=\u00a0\u00bb1\/4&Prime; background_color=\u00a0\u00bbrgba(255,255,255,0.6)\u00a0\u00bb][wyde_heading title_tag=\u00a0\u00bbh1&Prime; style=\u00a0\u00bb6&Prime; text_align=\u00a0\u00bbright\u00a0\u00bb title=\u00a0\u00bbGouvernement f\u00e9d\u00e9ral canadien\u00a0\u00bb subheading=\u00a0\u00bbAttestation\u00a0\u00bb][vc_column_text]<\/p>\n<p style=\"text-align: right;\">Pour toute demande, communiquez avec nous. (Programme des marchandises contr\u00f4l\u00e9es)<\/p>\n<p>[\/vc_column_text][\/vc_column_inner][vc_column_inner width=\u00a0\u00bb1\/2&Prime;][vc_single_image alignment=\u00a0\u00bbcenter\u00a0\u00bb image=\u00a0\u00bb7268&Prime;][\/vc_column_inner][vc_column_inner width=\u00a0\u00bb1\/4&Prime; background_color=\u00a0\u00bbrgba(255,255,255,0.6)\u00a0\u00bb][vc_column_text]Permettez aux professionnels de l\u2019entreprise familiale <span class=\"highlight\">CopiexpertPLUS<\/span> de vous enlever le stress li\u00e9 \u00e0 votre prochain projet d\u2019impression. Communiquez avec nous\u00a0d\u00e8s aujourd\u2019hui pour discuter de nos prix![\/vc_column_text][vc_empty_space][wyde_link_button title=\u00a0\u00bbdemande de soumission\u00a0\u00bb link=\u00a0\u00bburl:https%3A%2F%2Fcopiexpertplus.ca%2Ffr%2Fdemande-soumission%2F|||\u00a0\u00bb][\/vc_column_inner][\/vc_row_inner][\/vc_column][\/vc_row][vc_row text_style=\u00a0\u00bblight\u00a0\u00bb padding_size=\u00a0\u00bbxl-padding\u00a0\u00bb parallax=\u00a0\u00bbparallax\u00a0\u00bb bg_image_url=\u00a0\u00bbhttps:\/\/copiexpertplus.ca\/wp-content\/uploads\/Copie-Expert-Plus-lamination-dark_1920x1080-150&#215;150.jpg\u00a0\u00bb background_image=\u00a0\u00bb7337&Prime; css=\u00a0\u00bb.vc_custom_1534372461837{padding-top: 200px !important;padding-bottom: 200px !important;}\u00a0\u00bb][vc_column width=\u00a0\u00bb1\/4&Prime;][wyde_counter_box icon_set=\u00a0\u00bbbigmug_line\u00a0\u00bb value=\u00a0\u00bb999999&Prime; style=\u00a0\u00bb2&Prime; icon_bigmug_line=\u00a0\u00bbbigmug-line-plus\u00a0\u00bb title=\u00a0\u00bbBonnes impressions\u00a0\u00bb color=\u00a0\u00bb#ffcc00&Prime;][\/vc_column][vc_column width=\u00a0\u00bb1\/4&Prime;][wyde_counter_box icon_set=\u00a0\u00bbbigmug_line\u00a0\u00bb value=\u00a0\u00bb9360&Prime; style=\u00a0\u00bb2&Prime; icon_bigmug_line=\u00a0\u00bbbigmug-line-ink\u00a0\u00bb title=\u00a0\u00bbTasses de caf\u00e9\u00a0\u00bb color=\u00a0\u00bb#ffcc00&Prime;][\/vc_column][vc_column width=\u00a0\u00bb1\/4&Prime;][wyde_counter_box icon_set=\u00a0\u00bbbigmug_line\u00a0\u00bb value=\u00a0\u00bb1000&Prime; style=\u00a0\u00bb2&Prime; icon_bigmug_line=\u00a0\u00bbbigmug-line-plus\u00a0\u00bb title=\u00a0\u00bbProjets incroyables\u00a0\u00bb color=\u00a0\u00bb#ffcc00&Prime;][\/vc_column][vc_column width=\u00a0\u00bb1\/4&Prime;][wyde_counter_box icon_set=\u00a0\u00bbbigmug_line\u00a0\u00bb value=\u00a0\u00bb2000&Prime; style=\u00a0\u00bb2&Prime; icon_bigmug_line=\u00a0\u00bbbigmug-line-bookmark\u00a0\u00bb title=\u00a0\u00bbAppartenu depuis\u00a0\u00bb color=\u00a0\u00bb#ffcc00&Prime;][\/vc_column][vc_column offset=\u00a0\u00bbvc_hidden-sm vc_hidden-xs\u00a0\u00bb][vc_empty_space height=\u00a0\u00bb60px\u00a0\u00bb][\/vc_column][\/vc_row][vc_row overlap=\u00a0\u00bbtop\u00a0\u00bb overlap_index=\u00a0\u00bb50&Prime; padding_size=\u00a0\u00bbno-padding\u00a0\u00bb][vc_column padding_size=\u00a0\u00bbno-padding\u00a0\u00bb background_color=\u00a0\u00bb#ffffff\u00a0\u00bb css=\u00a0\u00bb.vc_custom_1457261282038{padding-top: 30px !important;padding-right: 30px !important;padding-bottom: 30px !important;padding-left: 30px !important;}\u00a0\u00bb][vc_row_inner bg_image_url=\u00a0\u00bbhttps:\/\/copiexpertplus.ca\/wp-content\/uploads\/Copie-Expert-Plus-spirals_1920x1080-150&#215;150.jpg\u00a0\u00bb background_image=\u00a0\u00bb7333&Prime;][vc_column_inner][vc_empty_space height=\u00a0\u00bb400px\u00a0\u00bb][\/vc_column_inner][vc_column_inner width=\u00a0\u00bb1\/4&Prime; background_color=\u00a0\u00bbrgba(255,255,255,0.6)\u00a0\u00bb][wyde_info_box icon_set=\u00a0\u00bbsimple_line\u00a0\u00bb icon_size=\u00a0\u00bblarge\u00a0\u00bb color=\u00a0\u00bb#d40054&Prime; icon_simple_line=\u00a0\u00bbsl-layers\u00a0\u00bb title=\u00a0\u00bbServices\u00a0\u00bb link=\u00a0\u00bburl:https%3A%2F%2Fcopiexpertplus.ca%2Ffr%2Fservices%2F|||\u00a0\u00bb]Nous nous occupons de tous vos besoins en mati\u00e8re de copie et num\u00e9risation, en petites et grandes impressions.[\/wyde_info_box][\/vc_column_inner][vc_column_inner width=\u00a0\u00bb1\/4&Prime; background_color=\u00a0\u00bbrgba(245,245,245,0.6)\u00a0\u00bb][wyde_info_box icon_set=\u00a0\u00bbsimple_line\u00a0\u00bb icon_size=\u00a0\u00bblarge\u00a0\u00bb color=\u00a0\u00bb#d40054&Prime; icon_simple_line=\u00a0\u00bbsl-bubble\u00a0\u00bb title=\u00a0\u00bbContactez-nous\u00a0\u00bb link=\u00a0\u00bburl:https%3A%2F%2Fcopiexpertplus.ca%2Ffr%2Fcontactez-nous%2F|||\u00a0\u00bb]Toutes les informations pour nous contacter par courriel, \u00e0 pied ou par t\u00e9l\u00e9phone[\/wyde_info_box][\/vc_column_inner][vc_column_inner width=\u00a0\u00bb1\/4&Prime; background_color=\u00a0\u00bbrgba(255,255,255,0.6)\u00a0\u00bb][wyde_info_box icon_set=\u00a0\u00bbsimple_line\u00a0\u00bb icon_size=\u00a0\u00bblarge\u00a0\u00bb color=\u00a0\u00bb#d40054&Prime; icon_simple_line=\u00a0\u00bbsl-settings\u00a0\u00bb title=\u00a0\u00bbNotre technologie\u00a0\u00bb link=\u00a0\u00bburl:https%3A%2F%2Fcopiexpertplus.ca%2Ffr%2Ftechnologie%2F|||\u00a0\u00bb]Nous utilisons des \u00e9quipements avec des noms de confiance qui produisent des r\u00e9sultats exceptionnels.[\/wyde_info_box][\/vc_column_inner][vc_column_inner width=\u00a0\u00bb1\/4&Prime; background_color=\u00a0\u00bbrgba(245,245,245,0.6)\u00a0\u00bb][wyde_info_box icon_set=\u00a0\u00bbsimple_line\u00a0\u00bb icon_size=\u00a0\u00bblarge\u00a0\u00bb color=\u00a0\u00bb#d40054&Prime; icon_simple_line=\u00a0\u00bbsl-magic-wand\u00a0\u00bb title=\u00a0\u00bbPromotions\u00a0\u00bb link=\u00a0\u00bburl:https%3A%2F%2Fcopiexpertplus.ca%2Ffr%2Fpromotions%2F|||\u00a0\u00bb]Toutes nos promotions les plus r\u00e9centes et les meilleures, toutes sur une seule page, juste pour vous![\/wyde_info_box][\/vc_column_inner][\/vc_row_inner][\/vc_column][\/vc_row][vc_row padding_size=\u00a0\u00bbno-padding\u00a0\u00bb background_position=\u00a0\u00bbcenter bottom\u00a0\u00bb bg_image_url=\u00a0\u00bbhttps:\/\/copiexpertplus.ca\/wp-content\/uploads\/Copie-Expert-Plus-colored-sky_1920x1080-1-150&#215;150.jpg\u00a0\u00bb background_image=\u00a0\u00bb7367&Prime;][vc_column css=\u00a0\u00bb.vc_custom_1457065870216{padding-top: 30px !important;padding-right: 30px !important;padding-bottom: 30px !important;padding-left: 30px !important;}\u00a0\u00bb][vc_empty_space height=\u00a0\u00bb50px\u00a0\u00bb][vc_row_inner][vc_column_inner text_align=\u00a0\u00bbcenter\u00a0\u00bb][wyde_heading style=\u00a0\u00bb4&Prime; title=\u00a0\u00bbNous devons\u00a0\u00bb][vc_custom_heading text=\u00a0\u00bbImprimer et cr\u00e9er quelque chose\u00a0\u00bb font_container=\u00a0\u00bbtag:h4|font_size:70px|text_align:center|line_height:80px\u00a0\u00bb google_fonts=\u00a0\u00bbfont_family:Playfair%20Display%3Aregular%2Citalic%2C700%2C700italic%2C900%2C900italic|font_style:400%20italic%3A400%3Aitalic\u00a0\u00bb text_transform=\u00a0\u00bblowercase\u00a0\u00bb][vc_custom_heading text=\u00a0\u00bbd&rsquo;incroyable!\u00a0\u00bb font_container=\u00a0\u00bbtag:h2|font_size:105px|text_align:center|color:%23ffffff|line_height:105px\u00a0\u00bb google_fonts=\u00a0\u00bbfont_family:Montserrat%3Aregular%2C700|font_style:700%20bold%20regular%3A700%3Anormal\u00a0\u00bb text_transform=\u00a0\u00bbuppercase\u00a0\u00bb][vc_custom_heading text=\u00a0\u00bbensemble\u00a0\u00bb font_container=\u00a0\u00bbtag:h4|font_size:70px|text_align:center|line_height:60px\u00a0\u00bb google_fonts=\u00a0\u00bbfont_family:Playfair%20Display%3Aregular%2Citalic%2C700%2C700italic%2C900%2C900italic|font_style:400%20italic%3A400%3Aitalic\u00a0\u00bb text_transform=\u00a0\u00bblowercase\u00a0\u00bb][vc_empty_space height=\u00a0\u00bb70px\u00a0\u00bb][wyde_button title=\u00a0\u00bbcommen\u00e7ons\u00a0\u00bb size=\u00a0\u00bblarge\u00a0\u00bb link=\u00a0\u00bburl:https%3A%2F%2Fcopiexpertplus.ca%2Ffr%2Fcontactez-nous%2F|||\u00a0\u00bb color=\u00a0\u00bb#ffffff\u00a0\u00bb bg_color=\u00a0\u00bb#000000&Prime; css=\u00a0\u00bb.vc_custom_1541595679127{background-color: #000000 !important;}\u00a0\u00bb][\/vc_column_inner][\/vc_row_inner][vc_empty_space height=\u00a0\u00bb100px\u00a0\u00bb][vc_row_inner padding_size=\u00a0\u00bbno-padding\u00a0\u00bb][vc_column_inner padding_size=\u00a0\u00bbno-padding\u00a0\u00bb offset=\u00a0\u00bbvc_hidden-sm vc_hidden-xs\u00a0\u00bb][vc_empty_space height=\u00a0\u00bb200px\u00a0\u00bb][\/vc_column_inner][\/vc_row_inner][\/vc_column][\/vc_row]<\/p>\n","protected":false},"excerpt":{"rendered":"<p>[vc_row row_style=\u00a0\u00bbfull-width\u00a0\u00bb padding_size=\u00a0\u00bbno-padding\u00a0\u00bb][vc_column padding_size=\u00a0\u00bbno-padding\u00a0\u00bb][rev_slider_vc alias=\u00a0\u00bbcopie-expert-plus-fr\u00a0\u00bb][\/vc_column][\/vc_row][vc_row overlap=\u00a0\u00bbbottom\u00a0\u00bb overlap_distance=\u00a0\u00bb0&Prime; overlap_index=\u00a0\u00bb50&Prime; padding_size=\u00a0\u00bbl-padding\u00a0\u00bb css=\u00a0\u00bb.vc_custom_1445754657417{padding-bottom: 0px !important;}\u00a0\u00bb][vc_column overlap=\u00a0\u00bbbottom\u00a0\u00bb overlap_distance=\u00a0\u00bb95px\u00a0\u00bb overlap_index=\u00a0\u00bb50&Prime;][wyde_heading style=\u00a0\u00bb2&Prime; text_align=\u00a0\u00bbleft\u00a0\u00bb title=\u00a0\u00bbNous sommes CopiexpertPLUS\u00a0\u00bb subheading=\u00a0\u00bbUne entreprise familiale de reproduction et d\u2019impression \u00e0 Gatineau\u00a0\u00bb][vc_empty_space][vc_column_text] Que vous d\u00e9siriez cr\u00e9er un d\u00e9pliant publicitaire pour votre entreprise ou des cartes d\u2019affaires pour votre usage personnel, il est important de pr\u00e9senter vos informations avec [&hellip;]<\/p>\n","protected":false},"author":1,"featured_media":0,"parent":0,"menu_order":0,"comment_status":"closed","ping_status":"closed","template":"","meta":[],"_links":{"self":[{"href":"https:\/\/copiexpertplus.ca\/fr\/wp-json\/wp\/v2\/pages\/7486"}],"collection":[{"href":"https:\/\/copiexpertplus.ca\/fr\/wp-json\/wp\/v2\/pages"}],"about":[{"href":"https:\/\/copiexpertplus.ca\/fr\/wp-json\/wp\/v2\/types\/page"}],"author":[{"embeddable":true,"href":"https:\/\/copiexpertplus.ca\/fr\/wp-json\/wp\/v2\/users\/1"}],"replies":[{"embeddable":true,"href":"https:\/\/copiexpertplus.ca\/fr\/wp-json\/wp\/v2\/comments?post=7486"}],"version-history":[{"count":20,"href":"https:\/\/copiexpertplus.ca\/fr\/wp-json\/wp\/v2\/pages\/7486\/revisions"}],"predecessor-version":[{"id":7574,"href":"https:\/\/copiexpertplus.ca\/fr\/wp-json\/wp\/v2\/pages\/7486\/revisions\/7574"}],"wp:attachment":[{"href":"https:\/\/copiexpertplus.ca\/fr\/wp-json\/wp\/v2\/media?parent=7486"}],"curies":[{"name":"wp","href":"https:\/\/api.w.org\/{rel}","templated":true}]}}