{"id":7479,"date":"2016-01-22T14:17:36","date_gmt":"2016-01-22T14:17:36","guid":{"rendered":"https:\/\/dev.copiexpertplus.ca\/services\/"},"modified":"2018-11-07T15:26:08","modified_gmt":"2018-11-07T20:26:08","slug":"services","status":"publish","type":"page","link":"https:\/\/copiexpertplus.ca\/fr\/services\/","title":{"rendered":"Services"},"content":{"rendered":"<p>[vc_row css=\u00a0\u00bb.vc_custom_1451198507230{padding-top: 40px !important;}\u00a0\u00bb][vc_column width=\u00a0\u00bb1\/4&Prime;][\/vc_column][vc_column width=\u00a0\u00bb1\/2&Prime;][vc_custom_heading text=\u00a0\u00bbCopiexpertPLUS de Gatineau r\u00e9pond \u00e0 tous vos besoins en mati\u00e8re de reproduction et de duplication &amp; Ne poussez pas l\u2019imprimante ou le photocopieur de votre bureau ou de votre domicile jusqu\u2019\u00e0 sa limite avec un projet majeur d\u2019impression \u2013 apportez-le plut\u00f4t chez CopiexpertPLUS! Non seulement \u00e9viterez-vous l\u2019usure de votre propre appareil, mais vous b\u00e9n\u00e9ficierez aussi de nos nombreuses ann\u00e9es d\u2019exp\u00e9rience et de savoir-faire dans cette industrie. Nous ferons en sorte que votre projet soit r\u00e9alis\u00e9 correctement et dans les d\u00e9lais pr\u00e9vus. Les clients sans rendez-vous sont toujours les bienvenus et il nous fera plaisir de vous donner en main propre votre projet d\u2019impression termin\u00e9. Il suffit de communiquer avec nous pour planifier une livraison.\u00a0\u00bb font_container=\u00a0\u00bbtag:p|font_size:22px|text_align:center|line_height:36px\u00a0\u00bb google_fonts=\u00a0\u00bbfont_family:Lato%3A100%2C100italic%2C300%2C300italic%2Cregular%2Citalic%2C700%2C700italic%2C900%2C900italic|font_style:300%20light%20regular%3A300%3Anormal\u00a0\u00bb link=\u00a0\u00bburl:https%3A%2F%2Fcopiexpertplus.ca%2Ffr%2Fcontactez-nous%2F|||\u00a0\u00bb][\/vc_column][vc_column width=\u00a0\u00bb1\/4&Prime;][\/vc_column][\/vc_row][vc_row padding_size=\u00a0\u00bbxl-padding\u00a0\u00bb background_style=\u00a0\u00bbrepeat\u00a0\u00bb bg_image_url=\u00a0\u00bbhttps:\/\/copiexpertplus.ca\/wp-content\/uploads\/Copie-Expert-Plus_texturedPaper-2500-e1533645314686-150&#215;150.jpg\u00a0\u00bb background_image=\u00a0\u00bb7246&Prime;][vc_column][vc_row_inner][vc_column_inner overlap=\u00a0\u00bbtop\u00a0\u00bb overlap_distance=\u00a0\u00bb180px\u00a0\u00bb overlap_index=\u00a0\u00bb50&Prime;][wyde_heading style=\u00a0\u00bb4&Prime; title=\u00a0\u00bbNos Services\u00a0\u00bb][\/vc_column_inner][\/vc_row_inner][vc_row_inner][vc_column_inner overlap=\u00a0\u00bbtop\u00a0\u00bb overlap_distance=\u00a0\u00bb180px\u00a0\u00bb overlap_index=\u00a0\u00bb50&Prime; offset=\u00a0\u00bbvc_hidden-lg vc_hidden-md\u00a0\u00bb][vc_empty_space height=\u00a0\u00bb60px\u00a0\u00bb][\/vc_column_inner][\/vc_row_inner][vc_row_inner overlap=\u00a0\u00bbtop\u00a0\u00bb overlap_distance=\u00a0\u00bb80px\u00a0\u00bb overlap_index=\u00a0\u00bb50&Prime;][vc_column_inner width=\u00a0\u00bb1\/4&Prime; background_color=\u00a0\u00bb#f9f9f9&Prime;][wyde_info_box icon_set=\u00a0\u00bbsimple_line\u00a0\u00bb icon_size=\u00a0\u00bblarge\u00a0\u00bb color=\u00a0\u00bb#8accff\u00a0\u00bb icon_simple_line=\u00a0\u00bbsl-cursor-move\u00a0\u00bb title=\u00a0\u00bbImpression grand format\u00a0\u00bb link=\u00a0\u00bb||\u00a0\u00bb]<\/p>\n<p class=\"p1\">Que ce soit pour des plans techniques ou des affiches, nous pouvons imprimer jusqu\u2019\u00e0 42 pouces de largeur sur une grande vari\u00e9t\u00e9 de mat\u00e9riaux.<\/p>\n<p>[\/wyde_info_box][\/vc_column_inner][vc_column_inner width=\u00a0\u00bb1\/4&Prime; background_color=\u00a0\u00bb#ffffff\u00a0\u00bb][wyde_info_box icon_set=\u00a0\u00bbsimple_line\u00a0\u00bb icon_size=\u00a0\u00bblarge\u00a0\u00bb color=\u00a0\u00bb#be9cc1&Prime; icon_simple_line=\u00a0\u00bbsl-layers\u00a0\u00bb title=\u00a0\u00bbLamination\u00a0\u00bb link=\u00a0\u00bb||\u00a0\u00bb]<\/p>\n<p class=\"p1\">Nous laminons toutes les tailles lettre standard, l\u00e9gale, tablo\u00efd (11&#215;17), 12&#215;18, 13&#215;19. Nous pouvons \u00e9galement plastifier jusqu&rsquo;\u00e0 42 pouces.<\/p>\n<p>[\/wyde_info_box][\/vc_column_inner][vc_column_inner width=\u00a0\u00bb1\/4&Prime; background_color=\u00a0\u00bb#f9f9f9&Prime;][wyde_info_box icon_set=\u00a0\u00bbsimple_line\u00a0\u00bb icon_size=\u00a0\u00bblarge\u00a0\u00bb color=\u00a0\u00bb#ffa6a3&Prime; icon_simple_line=\u00a0\u00bbsl-flag\u00a0\u00bb title=\u00a0\u00bbNum\u00e9risation grand format jusqu\u2019\u00e0 36\u201d\u00a0\u00bb link=\u00a0\u00bb||\u00a0\u00bb]<\/p>\n<p class=\"p1\">Num\u00e9risation grand format jusqu&rsquo;\u00e0 36 pouces de large.<\/p>\n<p>[\/wyde_info_box][\/vc_column_inner][vc_column_inner width=\u00a0\u00bb1\/4&Prime; background_color=\u00a0\u00bb#ffffff\u00a0\u00bb][wyde_info_box icon_set=\u00a0\u00bbsimple_line\u00a0\u00bb icon_size=\u00a0\u00bblarge\u00a0\u00bb color=\u00a0\u00bb#9a8767&Prime; icon_simple_line=\u00a0\u00bbsl-disc\u00a0\u00bb title=\u00a0\u00bbProjet en format num\u00e9rique\u00a0\u00bb link=\u00a0\u00bb||\u00a0\u00bb]<\/p>\n<p class=\"p1\">Nous sommes dans un environnement PC et nous pouvons except\u00e9 \u00e0 peu pr\u00e8s tous les formats de fichiers. PDF est devenu la norme et notre pr\u00e9f\u00e9rence.<\/p>\n<p>[\/wyde_info_box][\/vc_column_inner][vc_column_inner width=\u00a0\u00bb1\/4&Prime; background_color=\u00a0\u00bb#ffffff\u00a0\u00bb][wyde_info_box icon_set=\u00a0\u00bbsimple_line\u00a0\u00bb icon_size=\u00a0\u00bblarge\u00a0\u00bb color=\u00a0\u00bb#99c4cb\u00a0\u00bb icon_simple_line=\u00a0\u00bbsl-notebook\u00a0\u00bb title=\u00a0\u00bbReliure spirale\u00a0\u00bb link=\u00a0\u00bb||\u00a0\u00bb]La spirale est ins\u00e9r\u00e9e et tordue \u00e0 travers de petits trous perc\u00e9s le long du bord de l&rsquo;\u00e9pine de la couverture et des pages du livre.[\/wyde_info_box][\/vc_column_inner][vc_column_inner width=\u00a0\u00bb1\/4&Prime; background_color=\u00a0\u00bb#f9f9f9&Prime;][wyde_info_box icon_set=\u00a0\u00bbsimple_line\u00a0\u00bb icon_size=\u00a0\u00bblarge\u00a0\u00bb color=\u00a0\u00bb#f6c178&Prime; icon_simple_line=\u00a0\u00bbsl-size-actual\u00a0\u00bb title=\u00a0\u00bbPer\u00e7age\u00a0\u00bb link=\u00a0\u00bb||\u00a0\u00bb]<\/p>\n<p class=\"p1\">Per\u00e7age standard \u00e0 2 et 3 trous ou possibilit\u00e9 de r\u00e9aliser des perforations personnalis\u00e9e.<\/p>\n<p>[\/wyde_info_box][\/vc_column_inner][vc_column_inner width=\u00a0\u00bb1\/4&Prime; background_color=\u00a0\u00bb#ffffff\u00a0\u00bb][wyde_info_box icon_set=\u00a0\u00bbsimple_line\u00a0\u00bb icon_size=\u00a0\u00bblarge\u00a0\u00bb color=\u00a0\u00bb#c4c387&Prime; icon_simple_line=\u00a0\u00bbsl-map\u00a0\u00bb title=\u00a0\u00bbPliage\u00a0\u00bb link=\u00a0\u00bb||\u00a0\u00bb]<\/p>\n<p class=\"p1\">Des services de pliage haute vitesse sont \u00e9galement disponibles.<\/p>\n<p>[\/wyde_info_box][\/vc_column_inner][vc_column_inner width=\u00a0\u00bb1\/4&Prime; background_color=\u00a0\u00bb#f9f9f9&Prime;][wyde_info_box icon_set=\u00a0\u00bbsimple_line\u00a0\u00bb icon_size=\u00a0\u00bblarge\u00a0\u00bb color=\u00a0\u00bb#d19cb3&Prime; icon_simple_line=\u00a0\u00bbsl-crop\u00a0\u00bb title=\u00a0\u00bbTranche-papiers\u00a0\u00bb link=\u00a0\u00bb||\u00a0\u00bb]<\/p>\n<p class=\"p1\">Pour une coupe de pr\u00e9cision, nous avons une guillotine laser pour des coupes allant jusqu&rsquo;\u00e0 20 pouces de large.<\/p>\n<p>[\/wyde_info_box][\/vc_column_inner][\/vc_row_inner][vc_empty_space][\/vc_column][\/vc_row][vc_row row_style=\u00a0\u00bbfull-width\u00a0\u00bb equal_height=\u00a0\u00bbtrue\u00a0\u00bb vertical_align=\u00a0\u00bbmiddle\u00a0\u00bb padding_size=\u00a0\u00bbno-padding\u00a0\u00bb background_color=\u00a0\u00bb#2f496a\u00a0\u00bb][vc_column text_align=\u00a0\u00bbcenter\u00a0\u00bb padding_size=\u00a0\u00bbl-padding\u00a0\u00bb width=\u00a0\u00bb1\/2&Prime;][vc_empty_space height=\u00a0\u00bb20px\u00a0\u00bb][vc_custom_heading text=\u00a0\u00bbCopiexpertPLUS peut vous aider \u00e0 cr\u00e9er une grande vari\u00e9t\u00e9 de projets, notamment :\u00a0\u00bb font_container=\u00a0\u00bbtag:h2|text_align:center|color:%23ffffff\u00a0\u00bb google_fonts=\u00a0\u00bbfont_family:Playfair%20Display%3Aregular%2Citalic%2C700%2C700italic%2C900%2C900italic|font_style:700%20bold%20regular%3A700%3Anormal\u00a0\u00bb][wyde_separator text_align=\u00a0\u00bbcenter\u00a0\u00bb color=\u00a0\u00bb#ffffff\u00a0\u00bb][vc_column_text]<\/p>\n<div class=\"col_6_1\">\n<p style=\"text-align: center;\"><span class=\"highlight\">Livrets, d\u00e9pliants, manuels, rapports, sp\u00e9cifications de construction et tous les types de dessins de b\u00e2timents, enseignes,\u00a0cartes d\u2019affaires, en-t\u00eates de lettres<\/span><\/p>\n<\/div>\n<div class=\"col_6_1\" style=\"text-align: left;\"><\/div>\n<p>[\/vc_column_text][vc_empty_space height=\u00a0\u00bb40px\u00a0\u00bb][wyde_link_button icon_set=\u00a0\u00bbsimple_line\u00a0\u00bb style=\u00a0\u00bboutline\u00a0\u00bb size=\u00a0\u00bblarge\u00a0\u00bb icon_simple_line=\u00a0\u00bbsl-mouse\u00a0\u00bb title=\u00a0\u00bbCommen\u00e7ons\u00a0\u00bb link=\u00a0\u00bburl:https%3A%2F%2Fcopiexpertplus.ca%2Ffr%2Fcontactez-nous%2F|||\u00a0\u00bb color=\u00a0\u00bb#ffffff\u00a0\u00bb hover_color=\u00a0\u00bb#000000&Prime;][vc_empty_space height=\u00a0\u00bb20px\u00a0\u00bb][\/vc_column][vc_column padding_size=\u00a0\u00bbno-padding\u00a0\u00bb background_style=\u00a0\u00bbcover\u00a0\u00bb width=\u00a0\u00bb1\/2&Prime; bg_image_url=\u00a0\u00bbhttps:\/\/copiexpertplus.ca\/wp-content\/uploads\/Copie-Expert-Plus-architect-plans_1920x1080-150&#215;150.jpg\u00a0\u00bb background_image=\u00a0\u00bb7402&Prime;][vc_empty_space height=\u00a0\u00bb500px\u00a0\u00bb][\/vc_column][\/vc_row]<\/p>\n","protected":false},"excerpt":{"rendered":"<p>[vc_row css=\u00a0\u00bb.vc_custom_1451198507230{padding-top: 40px !important;}\u00a0\u00bb][vc_column width=\u00a0\u00bb1\/4&Prime;][\/vc_column][vc_column width=\u00a0\u00bb1\/2&Prime;][vc_custom_heading text=\u00a0\u00bbCopiexpertPLUS de Gatineau r\u00e9pond \u00e0 tous vos besoins en mati\u00e8re de reproduction et de duplication &amp; Ne poussez pas l\u2019imprimante ou le photocopieur de votre bureau ou de votre domicile jusqu\u2019\u00e0 sa limite avec un projet majeur d\u2019impression \u2013 apportez-le plut\u00f4t chez CopiexpertPLUS! Non seulement \u00e9viterez-vous l\u2019usure de votre [&hellip;]<\/p>\n","protected":false},"author":1,"featured_media":0,"parent":0,"menu_order":0,"comment_status":"closed","ping_status":"closed","template":"","meta":[],"_links":{"self":[{"href":"https:\/\/copiexpertplus.ca\/fr\/wp-json\/wp\/v2\/pages\/7479"}],"collection":[{"href":"https:\/\/copiexpertplus.ca\/fr\/wp-json\/wp\/v2\/pages"}],"about":[{"href":"https:\/\/copiexpertplus.ca\/fr\/wp-json\/wp\/v2\/types\/page"}],"author":[{"embeddable":true,"href":"https:\/\/copiexpertplus.ca\/fr\/wp-json\/wp\/v2\/users\/1"}],"replies":[{"embeddable":true,"href":"https:\/\/copiexpertplus.ca\/fr\/wp-json\/wp\/v2\/comments?post=7479"}],"version-history":[{"count":23,"href":"https:\/\/copiexpertplus.ca\/fr\/wp-json\/wp\/v2\/pages\/7479\/revisions"}],"predecessor-version":[{"id":7572,"href":"https:\/\/copiexpertplus.ca\/fr\/wp-json\/wp\/v2\/pages\/7479\/revisions\/7572"}],"wp:attachment":[{"href":"https:\/\/copiexpertplus.ca\/fr\/wp-json\/wp\/v2\/media?parent=7479"}],"curies":[{"name":"wp","href":"https:\/\/api.w.org\/{rel}","templated":true}]}}