{"id":7468,"date":"2018-08-06T20:59:31","date_gmt":"2018-08-07T00:59:31","guid":{"rendered":"https:\/\/dev.copiexpertplus.ca\/quote-request\/"},"modified":"2018-10-26T10:38:19","modified_gmt":"2018-10-26T14:38:19","slug":"demande-soumission","status":"publish","type":"page","link":"https:\/\/copiexpertplus.ca\/fr\/demande-soumission\/","title":{"rendered":"Demande de soumission"},"content":{"rendered":"<p>[vc_row][vc_column][vc_empty_space][vc_column_text]<\/p>\n<div class=\"caldera-grid\" id=\"caldera_form_1\" data-cf-ver=\"1.9.6\" data-cf-form-id=\"CF5bd20a768b924\"><div id=\"caldera_notices_1\" data-spinner=\"https:\/\/copiexpertplus.ca\/wp-admin\/images\/spinner.gif\"><\/div><form data-instance=\"1\" class=\"CF5bd20a768b924 caldera_forms_form cfajax-trigger\" method=\"POST\" enctype=\"multipart\/form-data\" id=\"CF5bd20a768b924_1\" data-form-id=\"CF5bd20a768b924\" aria-label=\"Demande de soumission\" data-target=\"#caldera_notices_1\" data-template=\"#cfajax_CF5bd20a768b924-tmpl\" data-cfajax=\"CF5bd20a768b924\" data-load-element=\"_parent\" data-load-class=\"cf_processing\" data-post-disable=\"0\" data-action=\"cf_process_ajax_submit\" data-request=\"https:\/\/copiexpertplus.ca\/fr\/\/cf-api\/CF5bd20a768b924\" data-hiderows=\"true\">\r\n<input type=\"hidden\" id=\"_cf_verify_CF5bd20a768b924\" name=\"_cf_verify\" value=\"b193dbc766\"  data-nonce-time=\"1777133341\" \/><input type=\"hidden\" name=\"_wp_http_referer\" value=\"\/fr\/wp-json\/wp\/v2\/pages\/7468\" \/><div id=\"cf2-CF5bd20a768b924_1\"><\/div><input type=\"hidden\" name=\"_cf_frm_id\" value=\"CF5bd20a768b924\">\r\n<input type=\"hidden\" name=\"_cf_frm_ct\" value=\"1\">\r\n<input type=\"hidden\" name=\"cfajax\" value=\"CF5bd20a768b924\">\r\n<input type=\"hidden\" name=\"_cf_cr_pst\" value=\"7468\">\r\n<div class=\"hide\" style=\"display:none; overflow:hidden;height:0;width:0;\">\r\n<label>Company<\/label><input type=\"text\" name=\"company\" value=\"\" autocomplete=\"off\">\r\n<\/div><div id=\"CF5bd20a768b924_1-row-1\"  class=\"row  first_row\"><div  class=\"col-sm-3  first_col\"><div data-field-wrapper=\"fld_8768091\" class=\"form-group\" id=\"fld_8768091_1-wrap\">\r\n\t<label id=\"fld_8768091Label\" for=\"fld_8768091_1\" class=\"control-label\">Pr\u00e9nom <span aria-hidden=\"true\" role=\"presentation\" class=\"field_required\" style=\"color:#ee0000;\">*<\/span><\/label>\r\n\t<div class=\"\">\r\n\t\t<input   required type=\"text\" data-field=\"fld_8768091\" class=\" form-control\" id=\"fld_8768091_1\" name=\"fld_8768091\" value=\"\" data-type=\"text\" aria-required=\"true\"   aria-labelledby=\"fld_8768091Label\" >\t\t\t<\/div>\r\n<\/div>\r\n<\/div><div  class=\"col-sm-3 \"><div data-field-wrapper=\"fld_9970286\" class=\"form-group\" id=\"fld_9970286_1-wrap\">\r\n\t<label id=\"fld_9970286Label\" for=\"fld_9970286_1\" class=\"control-label\">Nom <span aria-hidden=\"true\" role=\"presentation\" class=\"field_required\" style=\"color:#ee0000;\">*<\/span><\/label>\r\n\t<div class=\"\">\r\n\t\t<input   required type=\"text\" data-field=\"fld_9970286\" class=\" form-control\" id=\"fld_9970286_1\" name=\"fld_9970286\" value=\"\" data-type=\"text\" aria-required=\"true\"   aria-labelledby=\"fld_9970286Label\" >\t\t\t<\/div>\r\n<\/div>\r\n<\/div><div  class=\"col-sm-3 \"><div data-field-wrapper=\"fld_6630222\" class=\"form-group\" id=\"fld_6630222_1-wrap\">\r\n\t<label id=\"fld_6630222Label\" for=\"fld_6630222_1\" class=\"control-label\">Num\u00e9ro de t\u00e9l\u00e9phone <span aria-hidden=\"true\" role=\"presentation\" class=\"field_required\" style=\"color:#ee0000;\">*<\/span><\/label>\r\n\t<div class=\"\">\r\n\t\t<input  data-inputmask=\"'mask': '(999) 999-9999'\"  required type=\"phone\" data-field=\"fld_6630222\" class=\" form-control\" id=\"fld_6630222_1\" name=\"fld_6630222\" value=\"\" data-type=\"phone\" aria-required=\"true\"   aria-labelledby=\"fld_6630222Label\" >\t\t\t<\/div>\r\n<\/div>\r\n<\/div><div  class=\"col-sm-3  last_col\"><div data-field-wrapper=\"fld_2731592\" class=\"form-group\" id=\"fld_2731592_1-wrap\">\r\n\t<label id=\"fld_2731592Label\" for=\"fld_2731592_1\" class=\"control-label\">Autre num\u00e9ro de t\u00e9l\u00e9phone<\/label>\r\n\t<div class=\"\">\r\n\t\t<input  data-inputmask=\"'mask': '(999) 999-9999'\"   type=\"phone\" data-field=\"fld_2731592\" class=\" form-control\" id=\"fld_2731592_1\" name=\"fld_2731592\" value=\"\" data-type=\"phone\"   aria-labelledby=\"fld_2731592Label\" >\t\t\t<\/div>\r\n<\/div>\r\n<\/div><\/div><div id=\"CF5bd20a768b924_1-row-2\"  class=\"row \"><div  class=\"col-sm-12  single\"><div data-field-wrapper=\"fld_5540200\" class=\"form-group\" id=\"fld_5540200_1-wrap\">\r\n\t<label id=\"fld_5540200Label\" for=\"fld_5540200_1\" class=\"control-label\">Courriel <span aria-hidden=\"true\" role=\"presentation\" class=\"field_required\" style=\"color:#ee0000;\">*<\/span><\/label>\r\n\t<div class=\"\">\r\n\t\t<input   required type=\"email\" data-field=\"fld_5540200\" class=\" form-control\" id=\"fld_5540200_1\" name=\"fld_5540200\" value=\"\" data-type=\"email\" aria-required=\"true\"   aria-labelledby=\"fld_5540200Label\" >\t\t\t<\/div>\r\n<\/div>\r\n<\/div><\/div><div id=\"CF5bd20a768b924_1-row-3\"  class=\"row \"><div  class=\"col-sm-9  first_col\"><div data-field-wrapper=\"fld_7968497\" class=\"form-group\" id=\"fld_7968497_1-wrap\">\r\n\t<label id=\"fld_7968497Label\" for=\"fld_7968497_1\" class=\"control-label\">Nom du projet <span aria-hidden=\"true\" role=\"presentation\" class=\"field_required\" style=\"color:#ee0000;\">*<\/span><\/label>\r\n\t<div class=\"\">\r\n\t\t<input   required type=\"text\" data-field=\"fld_7968497\" class=\" form-control\" id=\"fld_7968497_1\" name=\"fld_7968497\" value=\"\" data-type=\"text\" aria-required=\"true\"   aria-labelledby=\"fld_7968497Label\" >\t\t\t<\/div>\r\n<\/div>\r\n<\/div><div  class=\"col-sm-3  last_col\">\n<div data-field-wrapper=\"fld_5694494\" class=\"form-group\" id=\"fld_5694494_1-wrap\">\r\n\t<label id=\"fld_5694494Label\" for=\"fld_5694494_1\" class=\"control-label\">Date de livraison<\/label>\r\n\t<div class=\"\">\r\n\t\t<input  type=\"text\" data-provide=\"cfdatepicker\" name=\"fld_5694494\" value=\"\" id=\"fld_5694494_1\" data-field=\"fld_5694494\" class=\"form-control cfdatepicker is-cfdatepicker\" data-date-format=\"dd-mm-yyyy\" data-date-start-view=\"month\"  data-date-start-date=\"0d\" data-date-language=\"fr-CH\"   aria-labelledby=\"fld_5694494Label\"   \/>\n\t\t\t<\/div>\r\n<\/div>\r\n<\/div><\/div><div id=\"CF5bd20a768b924_1-row-4\"  class=\"row \"><div  class=\"col-sm-12  single\"><div data-field-wrapper=\"fld_6566919\" class=\"form-group\" id=\"fld_6566919_1-wrap\">\r\n\t<label id=\"fld_6566919Label\" for=\"fld_6566919_1\" class=\"control-label\">Description | D\u00e9tails<\/label>\r\n\t<div class=\"\">\r\n\t\t<textarea name=\"fld_6566919\" value=\"\" data-field=\"fld_6566919\" class=\"form-control\" id=\"fld_6566919_1\"    aria-labelledby=\"fld_6566919Label\"><\/textarea>\n\t\t<\/div>\r\n<\/div>\r\n<\/div><\/div><div id=\"CF5bd20a768b924_1-row-5\"  class=\"row  last_row\"><div  class=\"col-sm-12  single\"><div data-field-wrapper=\"fld_7908577\" class=\"form-group\" id=\"fld_7908577_1-wrap\">\r\n\t<label class=\"control-label\">&nbsp;<\/label>\n<div class=\"\">\r\n\t<input  class=\"btn btn-default\" type=\"submit\" name=\"fld_7908577\" id=\"fld_7908577_1\" value=\"Envoyer\" data-field=\"fld_7908577\"  >\n<\/div>\r\n<\/div>\r\n\t<input class=\"button_trigger_1\" type=\"hidden\" name=\"fld_7908577\" id=\"fld_7908577_1_btn\" value=\"\" data-field=\"fld_7908577\"  \/>\n<\/div><\/div><\/form>\r\n<\/div>\r\n\n<p>[\/vc_column_text][\/vc_column][\/vc_row]<\/p>\n","protected":false},"excerpt":{"rendered":"<p>[vc_row][vc_column][vc_empty_space][vc_column_text] [\/vc_column_text][\/vc_column][\/vc_row]<\/p>\n","protected":false},"author":1,"featured_media":0,"parent":0,"menu_order":0,"comment_status":"closed","ping_status":"closed","template":"","meta":[],"_links":{"self":[{"href":"https:\/\/copiexpertplus.ca\/fr\/wp-json\/wp\/v2\/pages\/7468"}],"collection":[{"href":"https:\/\/copiexpertplus.ca\/fr\/wp-json\/wp\/v2\/pages"}],"about":[{"href":"https:\/\/copiexpertplus.ca\/fr\/wp-json\/wp\/v2\/types\/page"}],"author":[{"embeddable":true,"href":"https:\/\/copiexpertplus.ca\/fr\/wp-json\/wp\/v2\/users\/1"}],"replies":[{"embeddable":true,"href":"https:\/\/copiexpertplus.ca\/fr\/wp-json\/wp\/v2\/comments?post=7468"}],"version-history":[{"count":3,"href":"https:\/\/copiexpertplus.ca\/fr\/wp-json\/wp\/v2\/pages\/7468\/revisions"}],"predecessor-version":[{"id":7471,"href":"https:\/\/copiexpertplus.ca\/fr\/wp-json\/wp\/v2\/pages\/7468\/revisions\/7471"}],"wp:attachment":[{"href":"https:\/\/copiexpertplus.ca\/fr\/wp-json\/wp\/v2\/media?parent=7468"}],"curies":[{"name":"wp","href":"https:\/\/api.w.org\/{rel}","templated":true}]}}