{"id":7465,"date":"2016-01-19T10:22:25","date_gmt":"2016-01-19T15:22:25","guid":{"rendered":"https:\/\/dev.copiexpertplus.ca\/contact-us\/"},"modified":"2020-11-30T09:18:46","modified_gmt":"2020-11-30T14:18:46","slug":"contactez-nous","status":"publish","type":"page","link":"https:\/\/copiexpertplus.ca\/fr\/contactez-nous\/","title":{"rendered":"Contactez-nous"},"content":{"rendered":"<p>[vc_row row_style=\u00a0\u00bbfull-width\u00a0\u00bb equal_height=\u00a0\u00bbtrue\u00a0\u00bb vertical_align=\u00a0\u00bbmiddle\u00a0\u00bb padding_size=\u00a0\u00bbno-padding\u00a0\u00bb css=\u00a0\u00bb.vc_custom_1464352490549{padding-top: 0px !important;}\u00a0\u00bb][vc_column padding_size=\u00a0\u00bbno-padding\u00a0\u00bb width=\u00a0\u00bb1\/2&Prime;][wyde_gmaps height=\u00a0\u00bb800&Prime; values=\u00a0\u00bb%5B%7B%22address%22%3A%22260%20boul.%20Saint-Joseph%5CnGatineau%20(QC)%5CnJ8Y%203X8%22%2C%22location%22%3A%2245.436975%2C-75.732701%22%7D%5D\u00a0\u00bb gmaps=\u00a0\u00bb%7B%22zoom%22%3A13%2C%22type%22%3A%22roadmap%22%2C%22center%22%3A%7B%22lat%22%3A45.43395104650098%2C%22lng%22%3A-75.70656696732914%7D%7D\u00a0\u00bb icon=\u00a0\u00bb7165&Prime;][\/vc_column][vc_column overlap_index=\u00a0\u00bb500&Prime; width=\u00a0\u00bb1\/2&Prime;][vc_row_inner overlap=\u00a0\u00bbleft\u00a0\u00bb overlap_distance=\u00a0\u00bb100px\u00a0\u00bb overlap_index=\u00a0\u00bb100&Prime; css=\u00a0\u00bb.vc_custom_1464352524251{padding-top: 5% !important;padding-right: 5% !important;padding-bottom: 5% !important;padding-left: 5% !important;}\u00a0\u00bb background_color=\u00a0\u00bb#ffffff\u00a0\u00bb][vc_column_inner width=\u00a0\u00bb1\/2&Prime;][vc_custom_heading text=\u00a0\u00bbVenez nous voir\u00a0\u00bb google_fonts=\u00a0\u00bbfont_family:Playfair%20Display%3Aregular%2Citalic%2C700%2C700italic%2C900%2C900italic|font_style:700%20bold%20regular%3A700%3Anormal\u00a0\u00bb][vc_empty_space][wyde_link_button style=\u00a0\u00bbrounded\u00a0\u00bb title=\u00a0\u00bbDemande de soumission\u00a0\u00bb link=\u00a0\u00bburl:https%3A%2F%2Fcopiexpertplus.ca%2Ffr%2Fdemande-soumission%2F|||\u00a0\u00bb icon=\u00a0\u00bbfa fa-calculator\u00a0\u00bb][vc_empty_space][vc_column_text]<\/p>\n<div>L\u2019atelier de <span class=\"highlight\">CopiexpertPLUS<\/span> est situ\u00e9 sur le boulevard Saint-Joseph, \u00e0 Gatineau. Notre site est facile d\u2019acc\u00e8s, que vous vous y rendiez en voiture ou en autobus \u2013 l\u2019autobus s\u2019arr\u00eate directement devant notre porte d\u2019entr\u00e9e!<\/div>\n<div><\/div>\n<div>Pour toute question \u00e0 propos de nos tarifs ou de nos capacit\u00e9s en mati\u00e8re d\u2019impression ou de reproduction, n\u2019h\u00e9sitez pas \u00e0 nous donner un coup de fil, \u00e0 nous envoyer un message par courriel ou \u00e0 utiliser le formulaire ci-dessous. Il nous fera grand plaisir de discuter de nos services avec vous!<\/div>\n<p>[\/vc_column_text][vc_empty_space][\/vc_column_inner][vc_column_inner text_align=\u00a0\u00bbright\u00a0\u00bb width=\u00a0\u00bb1\/2&Prime;][vc_empty_space height=\u00a0\u00bb120px\u00a0\u00bb][vc_column_text]<\/p>\n<div>260, boul. Saint-Joseph<\/div>\n<div>Gatineau QC<\/div>\n<div>J8Y 3X8<\/div>\n<div><\/div>\n<div>T\u00e9l. : 819-770-8488<\/div>\n<div><a href=\"mailto:copie@videotron.ca\">copie@videotron.ca<\/a><\/div>\n<p>[\/vc_column_text][vc_empty_space][vc_column_text]<\/p>\n<h6 style=\"text-align: right;\">Heures d&rsquo;ouverture<\/h6>\n<div style=\"text-align: right;\">lundi au vendredi, 9 h \u00e0 15 h<\/div>\n<p>[\/vc_column_text][\/vc_column_inner][vc_column_inner padding_size=\u00a0\u00bbno-padding\u00a0\u00bb el_class=\u00a0\u00bbclear\u00a0\u00bb][vc_empty_space height=\u00a0\u00bb10px\u00a0\u00bb]<div role=\"form\" class=\"wpcf7\" id=\"wpcf7-f7514-o1\" lang=\"en-US\" dir=\"ltr\">\n<div class=\"screen-reader-response\"><p role=\"status\" aria-live=\"polite\" aria-atomic=\"true\"><\/p> <ul><\/ul><\/div>\n<form action=\"\/fr\/wp-json\/wp\/v2\/pages\/7465#wpcf7-f7514-o1\" method=\"post\" class=\"wpcf7-form init\" novalidate=\"novalidate\" data-status=\"init\">\n<div style=\"display: none;\">\n<input type=\"hidden\" name=\"_wpcf7\" value=\"7514\" \/>\n<input type=\"hidden\" name=\"_wpcf7_version\" value=\"5.5.5\" \/>\n<input type=\"hidden\" name=\"_wpcf7_locale\" value=\"en_US\" \/>\n<input type=\"hidden\" name=\"_wpcf7_unit_tag\" value=\"wpcf7-f7514-o1\" \/>\n<input type=\"hidden\" name=\"_wpcf7_container_post\" value=\"0\" \/>\n<input type=\"hidden\" name=\"_wpcf7_posted_data_hash\" value=\"\" \/>\n<\/div>\n<div class=\"row\">\n<div class=\"col col-6\">\n<p><span class=\"wpcf7-form-control-wrap your-name\"><input type=\"text\" name=\"your-name\" value=\"\" size=\"40\" class=\"wpcf7-form-control wpcf7-text wpcf7-validates-as-required\" aria-required=\"true\" aria-invalid=\"false\" placeholder=\"nom *\" \/><\/span><\/p>\n<p><span class=\"wpcf7-form-control-wrap your-email\"><input type=\"email\" name=\"your-email\" value=\"\" size=\"40\" class=\"wpcf7-form-control wpcf7-text wpcf7-email wpcf7-validates-as-required wpcf7-validates-as-email\" aria-required=\"true\" aria-invalid=\"false\" placeholder=\"courriel *\" \/><\/span> <\/p>\n<p><span class=\"wpcf7-form-control-wrap your-tel\"><input type=\"tel\" name=\"your-tel\" value=\"\" size=\"40\" class=\"wpcf7-form-control wpcf7-text wpcf7-tel wpcf7-validates-as-tel\" aria-invalid=\"false\" placeholder=\"t\u00e9l\u00e9phone\" \/><\/span><\/p>\n<p><span class=\"wpcf7-form-control-wrap your-subject\"><input type=\"text\" name=\"your-subject\" value=\"\" size=\"40\" class=\"wpcf7-form-control wpcf7-text wpcf7-validates-as-required\" aria-required=\"true\" aria-invalid=\"false\" placeholder=\"sujet *\" \/><\/span><\/p>\n<\/div>\n<div class=\"col col-6\">\n<p><span class=\"wpcf7-form-control-wrap your-message\"><textarea name=\"your-message\" cols=\"40\" rows=\"12\" class=\"wpcf7-form-control wpcf7-textarea\" aria-invalid=\"false\" placeholder=\"Message\"><\/textarea><\/span><\/p>\n<\/div>\n<\/div>\n<div class=\"col col-12 clear text-center\">\n<p style=\"padding-top:15px;\"><input type=\"submit\" value=\"Envoyer\" \/><\/p>\n<\/div>\n<div class=\"wpcf7-response-output\" aria-hidden=\"true\"><\/div><\/form><\/div>[vc_empty_space height=\u00a0\u00bb10px\u00a0\u00bb][\/vc_column_inner][\/vc_row_inner][vc_row_inner][vc_column_inner offset=\u00a0\u00bbvc_hidden-lg vc_hidden-md\u00a0\u00bb][\/vc_column_inner][\/vc_row_inner][\/vc_column][\/vc_row]<\/p>\n","protected":false},"excerpt":{"rendered":"<p>[vc_row row_style=\u00a0\u00bbfull-width\u00a0\u00bb equal_height=\u00a0\u00bbtrue\u00a0\u00bb vertical_align=\u00a0\u00bbmiddle\u00a0\u00bb padding_size=\u00a0\u00bbno-padding\u00a0\u00bb css=\u00a0\u00bb.vc_custom_1464352490549{padding-top: 0px !important;}\u00a0\u00bb][vc_column padding_size=\u00a0\u00bbno-padding\u00a0\u00bb width=\u00a0\u00bb1\/2&Prime;][wyde_gmaps height=\u00a0\u00bb800&Prime; values=\u00a0\u00bb%5B%7B%22address%22%3A%22260%20boul.%20Saint-Joseph%5CnGatineau%20(QC)%5CnJ8Y%203X8%22%2C%22location%22%3A%2245.436975%2C-75.732701%22%7D%5D\u00a0\u00bb gmaps=\u00a0\u00bb%7B%22zoom%22%3A13%2C%22type%22%3A%22roadmap%22%2C%22center%22%3A%7B%22lat%22%3A45.43395104650098%2C%22lng%22%3A-75.70656696732914%7D%7D\u00a0\u00bb icon=\u00a0\u00bb7165&Prime;][\/vc_column][vc_column overlap_index=\u00a0\u00bb500&Prime; width=\u00a0\u00bb1\/2&Prime;][vc_row_inner overlap=\u00a0\u00bbleft\u00a0\u00bb overlap_distance=\u00a0\u00bb100px\u00a0\u00bb overlap_index=\u00a0\u00bb100&Prime; css=\u00a0\u00bb.vc_custom_1464352524251{padding-top: 5% !important;padding-right: 5% !important;padding-bottom: 5% !important;padding-left: 5% !important;}\u00a0\u00bb background_color=\u00a0\u00bb#ffffff\u00a0\u00bb][vc_column_inner width=\u00a0\u00bb1\/2&Prime;][vc_custom_heading text=\u00a0\u00bbVenez nous voir\u00a0\u00bb google_fonts=\u00a0\u00bbfont_family:Playfair%20Display%3Aregular%2Citalic%2C700%2C700italic%2C900%2C900italic|font_style:700%20bold%20regular%3A700%3Anormal\u00a0\u00bb][vc_empty_space][wyde_link_button style=\u00a0\u00bbrounded\u00a0\u00bb title=\u00a0\u00bbDemande de soumission\u00a0\u00bb link=\u00a0\u00bburl:https%3A%2F%2Fcopiexpertplus.ca%2Ffr%2Fdemande-soumission%2F|||\u00a0\u00bb icon=\u00a0\u00bbfa fa-calculator\u00a0\u00bb][vc_empty_space][vc_column_text] L\u2019atelier de CopiexpertPLUS est situ\u00e9 sur le boulevard Saint-Joseph, \u00e0 Gatineau. Notre site est [&hellip;]<\/p>\n","protected":false},"author":1,"featured_media":0,"parent":0,"menu_order":0,"comment_status":"closed","ping_status":"closed","template":"","meta":[],"_links":{"self":[{"href":"https:\/\/copiexpertplus.ca\/fr\/wp-json\/wp\/v2\/pages\/7465"}],"collection":[{"href":"https:\/\/copiexpertplus.ca\/fr\/wp-json\/wp\/v2\/pages"}],"about":[{"href":"https:\/\/copiexpertplus.ca\/fr\/wp-json\/wp\/v2\/types\/page"}],"author":[{"embeddable":true,"href":"https:\/\/copiexpertplus.ca\/fr\/wp-json\/wp\/v2\/users\/1"}],"replies":[{"embeddable":true,"href":"https:\/\/copiexpertplus.ca\/fr\/wp-json\/wp\/v2\/comments?post=7465"}],"version-history":[{"count":10,"href":"https:\/\/copiexpertplus.ca\/fr\/wp-json\/wp\/v2\/pages\/7465\/revisions"}],"predecessor-version":[{"id":7594,"href":"https:\/\/copiexpertplus.ca\/fr\/wp-json\/wp\/v2\/pages\/7465\/revisions\/7594"}],"wp:attachment":[{"href":"https:\/\/copiexpertplus.ca\/fr\/wp-json\/wp\/v2\/media?parent=7465"}],"curies":[{"name":"wp","href":"https:\/\/api.w.org\/{rel}","templated":true}]}}